{"id":4342,"date":"2024-09-25T12:21:14","date_gmt":"2024-09-25T16:21:14","guid":{"rendered":"https:\/\/pointoflovechurch.com\/?page_id=4342"},"modified":"2025-02-25T16:16:34","modified_gmt":"2025-02-25T21:16:34","slug":"who-we-are","status":"publish","type":"page","link":"https:\/\/pointoflovechurch.com\/es\/who-we-are\/","title":{"rendered":"Qui\u00e9nes somos"},"content":{"rendered":"<div data-elementor-type=\"wp-page\" data-elementor-id=\"4342\" class=\"elementor elementor-4342\" data-elementor-post-type=\"page\">\n\t\t\t\t<div class=\"elementor-element elementor-element-8f46ab8 e-flex e-con-boxed e-con e-parent\" data-id=\"8f46ab8\" data-element_type=\"container\" data-settings=\"{&quot;background_background&quot;:&quot;classic&quot;}\">\n\t\t\t\t\t<div class=\"e-con-inner\">\n\t\t<div class=\"elementor-element elementor-element-e2a425b e-con-full e-flex e-con e-child\" data-id=\"e2a425b\" data-element_type=\"container\">\n\t\t\t\t<div class=\"elementor-element elementor-element-37592cb elementor-widget elementor-widget-heading\" data-id=\"37592cb\" data-element_type=\"widget\" data-widget_type=\"heading.default\">\n\t\t\t\t<div class=\"elementor-widget-container\">\n\t\t\t\t\t<h2 class=\"elementor-heading-title elementor-size-default\">Una iglesia que ama como Jes\u00fas ama.<\/h2>\t\t\t\t<\/div>\n\t\t\t\t<\/div>\n\t\t\t\t<div class=\"elementor-element elementor-element-4492092 elementor-widget elementor-widget-text-editor\" data-id=\"4492092\" data-element_type=\"widget\" data-widget_type=\"text-editor.default\">\n\t\t\t\t<div class=\"elementor-widget-container\">\n\t\t\t\t\t\t\t\t\t<p>Nuestra VISION es AMAR COMO JESUS AMA. No nos corresponde juzgar. Te amamos tal como eres. Nuestro amor viene de un lugar de gratitud por haber sido amado primero, a pesar de nuestras imperfecciones.<\/p><p>Nuestra MISI\u00d3N es alcanzar a millones de almas con nuestra visi\u00f3n para que puedan tener un encuentro aut\u00e9ntico con nuestro Padre Celestial. No buscamos hacer crecer una religi\u00f3n, m\u00e1s bien buscamos discipular a las personas para que puedan crecer en una relaci\u00f3n personal y de cambio de vida con \u00c9l.<\/p>\t\t\t\t\t\t\t\t<\/div>\n\t\t\t\t<\/div>\n\t\t<div class=\"elementor-element elementor-element-fd61fb1 e-flex e-con-boxed e-con e-child\" data-id=\"fd61fb1\" data-element_type=\"container\">\n\t\t\t\t\t<div class=\"e-con-inner\">\n\t\t\t\t<div class=\"elementor-element elementor-element-9b11cab elementor-align-right elementor-widget__width-auto elementor-widget elementor-widget-button\" data-id=\"9b11cab\" data-element_type=\"widget\" data-widget_type=\"button.default\">\n\t\t\t\t<div class=\"elementor-widget-container\">\n\t\t\t\t\t\t\t\t\t<div class=\"elementor-button-wrapper\">\n\t\t\t\t\t<a class=\"elementor-button elementor-button-link elementor-size-sm\" href=\"https:\/\/pointoflovechurch.com\/es\/plan-a-visit\/\">\n\t\t\t\t\t\t<span class=\"elementor-button-content-wrapper\">\n\t\t\t\t\t\t<span class=\"elementor-button-icon\">\n\t\t\t\t<svg xmlns=\"http:\/\/www.w3.org\/2000\/svg\" width=\"10\" height=\"10\" fill=\"none\"><path fill=\"currentColor\" fill-rule=\"evenodd\" d=\"M8 0h2v10H8V3.414L1.414 10 0 8.586 6.586 2H0V0h8Z\" clip-rule=\"evenodd\"><\/path><\/svg>\t\t\t<\/span>\n\t\t\t\t\t\t\t\t\t<span class=\"elementor-button-text\">Vis\u00edtanos<\/span>\n\t\t\t\t\t<\/span>\n\t\t\t\t\t<\/a>\n\t\t\t\t<\/div>\n\t\t\t\t\t\t\t\t<\/div>\n\t\t\t\t<\/div>\n\t\t\t\t\t<\/div>\n\t\t\t\t<\/div>\n\t\t\t\t<\/div>\n\t\t\t\t\t<\/div>\n\t\t\t\t<\/div>\n\t\t<div class=\"elementor-element elementor-element-d710230 e-flex e-con-boxed e-con e-parent\" data-id=\"d710230\" data-element_type=\"container\" id=\"pastor\" data-settings=\"{&quot;background_background&quot;:&quot;classic&quot;}\">\n\t\t\t\t\t<div class=\"e-con-inner\">\n\t\t<div class=\"elementor-element elementor-element-fe63dbe e-con-full e-flex e-con e-child\" data-id=\"fe63dbe\" data-element_type=\"container\">\n\t\t\t\t<div class=\"elementor-element elementor-element-0c367b7 elementor-widget elementor-widget-heading\" data-id=\"0c367b7\" data-element_type=\"widget\" data-widget_type=\"heading.default\">\n\t\t\t\t<div class=\"elementor-widget-container\">\n\t\t\t\t\t<h2 class=\"elementor-heading-title elementor-size-default\">Nuestros <span class=\"underline-gradient\">Pastores<\/span><\/h2>\t\t\t\t<\/div>\n\t\t\t\t<\/div>\n\t\t\t\t<div class=\"elementor-element elementor-element-5588087 elementor-widget elementor-widget-text-editor\" data-id=\"5588087\" data-element_type=\"widget\" data-widget_type=\"text-editor.default\">\n\t\t\t\t<div class=\"elementor-widget-container\">\n\t\t\t\t\t\t\t\t\t<p>En Punto de Amor, nuestros pastores se dedican a guiar con alegr\u00eda, gracia y un profundo amor por Jes\u00fas. Apasionados por crear un espacio libre donde todos puedan experimentar el amor de Dios, crecer en la fe y encontrar un sentido de pertenencia.<\/p><p>Con un coraz\u00f3n para la gente y el compromiso de compartir la Palabra de Dios, nuestros pastores se esfuerzan por servir, guiar y animar a nuestra familia de Punto de Amor.<\/p><p>Te invitamos a conocerlos, escuchar su historia y a vivir junto a nosotros una vida de fe.<\/p>\t\t\t\t\t\t\t\t<\/div>\n\t\t\t\t<\/div>\n\t\t\t\t<\/div>\n\t\t\t\t<div class=\"elementor-element elementor-element-47cb3ad elementor-pagination-position-outside elementor-widget elementor-widget-image-carousel\" data-id=\"47cb3ad\" data-element_type=\"widget\" data-settings=\"{&quot;slides_to_show&quot;:&quot;1&quot;,&quot;navigation&quot;:&quot;dots&quot;,&quot;autoplay&quot;:&quot;yes&quot;,&quot;pause_on_hover&quot;:&quot;yes&quot;,&quot;pause_on_interaction&quot;:&quot;yes&quot;,&quot;autoplay_speed&quot;:5000,&quot;infinite&quot;:&quot;yes&quot;,&quot;effect&quot;:&quot;slide&quot;,&quot;speed&quot;:500}\" data-widget_type=\"image-carousel.default\">\n\t\t\t\t<div class=\"elementor-widget-container\">\n\t\t\t\t\t\t\t<div class=\"elementor-image-carousel-wrapper swiper\" role=\"region\" aria-roledescription=\"carousel\" aria-label=\"Carrusel de im\u00e1genes\" dir=\"ltr\">\n\t\t\t<div class=\"elementor-image-carousel swiper-wrapper\" aria-live=\"off\">\n\t\t\t\t\t\t\t\t<div class=\"swiper-slide\" role=\"group\" aria-roledescription=\"slide\" aria-label=\"1 de 4\"><figure class=\"swiper-slide-inner\"><img decoding=\"async\" class=\"swiper-slide-image\" src=\"https:\/\/pointoflovechurch.com\/wp-content\/uploads\/2024\/09\/pastor-2.jpg\" alt=\"pastor-2\" \/><\/figure><\/div><div class=\"swiper-slide\" role=\"group\" aria-roledescription=\"slide\" aria-label=\"2 de 4\"><figure class=\"swiper-slide-inner\"><img decoding=\"async\" class=\"swiper-slide-image\" src=\"https:\/\/pointoflovechurch.com\/wp-content\/uploads\/2024\/09\/pastor.jpg\" alt=\"pastor\" \/><\/figure><\/div><div class=\"swiper-slide\" role=\"group\" aria-roledescription=\"slide\" aria-label=\"3 de 4\"><figure class=\"swiper-slide-inner\"><img decoding=\"async\" class=\"swiper-slide-image\" src=\"https:\/\/pointoflovechurch.com\/wp-content\/uploads\/2024\/09\/pastor-4.jpg\" alt=\"pastor-4\" \/><\/figure><\/div><div class=\"swiper-slide\" role=\"group\" aria-roledescription=\"slide\" aria-label=\"4 de 4\"><figure class=\"swiper-slide-inner\"><img decoding=\"async\" class=\"swiper-slide-image\" src=\"https:\/\/pointoflovechurch.com\/wp-content\/uploads\/2024\/09\/pastor-3.jpg\" alt=\"pastor-3\" \/><\/figure><\/div>\t\t\t<\/div>\n\t\t\t\t\t\t\t\n\t\t\t\t\t\t\t\t\t<div class=\"swiper-pagination\"><\/div>\n\t\t\t\t\t\t\t\t\t<\/div>\n\t\t\t\t\t\t<\/div>\n\t\t\t\t<\/div>\n\t\t\t\t\t<\/div>\n\t\t\t\t<\/div>\n\t\t<div class=\"elementor-element elementor-element-ad739cb e-flex e-con-boxed e-con e-parent\" data-id=\"ad739cb\" data-element_type=\"container\" data-settings=\"{&quot;background_background&quot;:&quot;classic&quot;}\">\n\t\t\t\t\t<div class=\"e-con-inner\">\n\t\t<div class=\"elementor-element elementor-element-e805f80 e-con-full e-flex e-con e-child\" data-id=\"e805f80\" data-element_type=\"container\" data-settings=\"{&quot;background_background&quot;:&quot;classic&quot;}\">\n\t\t\t\t<div class=\"elementor-element elementor-element-54c0136 elementor-widget elementor-widget-heading\" data-id=\"54c0136\" data-element_type=\"widget\" data-widget_type=\"heading.default\">\n\t\t\t\t<div class=\"elementor-widget-container\">\n\t\t\t\t\t<h2 class=\"elementor-heading-title elementor-size-default\">UBICACI\u00d3N Y SERVICIOS<\/h2>\t\t\t\t<\/div>\n\t\t\t\t<\/div>\n\t\t\t\t<div class=\"elementor-element elementor-element-4732587 elementor-widget elementor-widget-heading\" data-id=\"4732587\" data-element_type=\"widget\" data-widget_type=\"heading.default\">\n\t\t\t\t<div class=\"elementor-widget-container\">\n\t\t\t\t\t<h2 class=\"elementor-heading-title elementor-size-default translation-block\">Servicios dominicales en  <span class=\"underline-gradient\">Espa\u00f1ol<\/span> &amp; <span class=\"underline-gradient\">Ingl\u00e9s<\/span><\/h2>\t\t\t\t<\/div>\n\t\t\t\t<\/div>\n\t\t\t\t<div class=\"elementor-element elementor-element-1c84cc6 elementor-widget elementor-widget-text-editor\" data-id=\"1c84cc6\" data-element_type=\"widget\" data-widget_type=\"text-editor.default\">\n\t\t\t\t<div class=\"elementor-widget-container\">\n\t\t\t\t\t\t\t\t\t<p>\u00danete a nosotros este domingo en nuestra iglesia multicultural, llena de amor y vida, en el coraz\u00f3n de Dade City, FL. Puedes ser parte de nuestro servicio en ingles a las 9:00 AM y\/o de nuesstro servicio en espanol a las 11:00AM.\u00a0<\/p>\t\t\t\t\t\t\t\t<\/div>\n\t\t\t\t<\/div>\n\t\t\t\t<div class=\"elementor-element elementor-element-19f8b5a elementor-widget elementor-widget-spacer\" data-id=\"19f8b5a\" data-element_type=\"widget\" data-widget_type=\"spacer.default\">\n\t\t\t\t<div class=\"elementor-widget-container\">\n\t\t\t\t\t\t\t<div class=\"elementor-spacer\">\n\t\t\t<div class=\"elementor-spacer-inner\"><\/div>\n\t\t<\/div>\n\t\t\t\t\t\t<\/div>\n\t\t\t\t<\/div>\n\t\t\t\t<div class=\"elementor-element elementor-element-504ca58 elementor-widget__width-auto elementor-widget elementor-widget-button\" data-id=\"504ca58\" data-element_type=\"widget\" data-widget_type=\"button.default\">\n\t\t\t\t<div class=\"elementor-widget-container\">\n\t\t\t\t\t\t\t\t\t<div class=\"elementor-button-wrapper\">\n\t\t\t\t\t<a class=\"elementor-button elementor-button-link elementor-size-sm\" href=\"https:\/\/pointoflovechurch.com\/es\/plan-a-visit\/\">\n\t\t\t\t\t\t<span class=\"elementor-button-content-wrapper\">\n\t\t\t\t\t\t<span class=\"elementor-button-icon\">\n\t\t\t\t<svg xmlns=\"http:\/\/www.w3.org\/2000\/svg\" width=\"10\" height=\"10\" fill=\"none\"><path fill=\"currentColor\" fill-rule=\"evenodd\" d=\"M8 0h2v10H8V3.414L1.414 10 0 8.586 6.586 2H0V0h8Z\" clip-rule=\"evenodd\"><\/path><\/svg>\t\t\t<\/span>\n\t\t\t\t\t\t\t\t\t<span class=\"elementor-button-text\">Vis\u00edtanos<\/span>\n\t\t\t\t\t<\/span>\n\t\t\t\t\t<\/a>\n\t\t\t\t<\/div>\n\t\t\t\t\t\t\t\t<\/div>\n\t\t\t\t<\/div>\n\t\t\t\t<div class=\"elementor-element elementor-element-6f6ab2b elementor-widget elementor-widget-spacer\" data-id=\"6f6ab2b\" data-element_type=\"widget\" data-widget_type=\"spacer.default\">\n\t\t\t\t<div class=\"elementor-widget-container\">\n\t\t\t\t\t\t\t<div class=\"elementor-spacer\">\n\t\t\t<div class=\"elementor-spacer-inner\"><\/div>\n\t\t<\/div>\n\t\t\t\t\t\t<\/div>\n\t\t\t\t<\/div>\n\t\t\t\t<\/div>\n\t\t<div class=\"elementor-element elementor-element-e363d97 e-con-full e-flex e-con e-child\" data-id=\"e363d97\" data-element_type=\"container\">\n\t\t<div class=\"elementor-element elementor-element-17d2e0e e-con-full e-flex e-con e-child\" data-id=\"17d2e0e\" data-element_type=\"container\">\n\t\t<div class=\"elementor-element elementor-element-f40f480 e-con-full e-flex e-con e-child\" data-id=\"f40f480\" data-element_type=\"container\">\n\t\t\t\t<div class=\"elementor-element elementor-element-72d9750 elementor-widget elementor-widget-heading\" data-id=\"72d9750\" data-element_type=\"widget\" data-widget_type=\"heading.default\">\n\t\t\t\t<div class=\"elementor-widget-container\">\n\t\t\t\t\t<h2 class=\"elementor-heading-title elementor-size-default\">INGL\u00c9S<\/h2>\t\t\t\t<\/div>\n\t\t\t\t<\/div>\n\t\t\t\t<div class=\"elementor-element elementor-element-ed9e2db elementor-widget elementor-widget-heading\" data-id=\"ed9e2db\" data-element_type=\"widget\" data-widget_type=\"heading.default\">\n\t\t\t\t<div class=\"elementor-widget-container\">\n\t\t\t\t\t<h2 class=\"elementor-heading-title elementor-size-default\">Domingo<br \/>\n9AM<\/h2>\t\t\t\t<\/div>\n\t\t\t\t<\/div>\n\t\t\t\t<\/div>\n\t\t<div class=\"elementor-element elementor-element-f6dcbd3 e-con-full e-flex e-con e-child\" data-id=\"f6dcbd3\" data-element_type=\"container\">\n\t\t\t\t<div class=\"elementor-element elementor-element-5ecb9c6 elementor-widget elementor-widget-image\" data-id=\"5ecb9c6\" data-element_type=\"widget\" data-widget_type=\"image.default\">\n\t\t\t\t<div class=\"elementor-widget-container\">\n\t\t\t\t\t\t\t\t\t\t\t\t\t\t\t\t<a href=\"https:\/\/pointoflovechurch.com\/es\/plan-a-visit\/\">\n\t\t\t\t\t\t\t<img decoding=\"async\" width=\"21\" height=\"22\" src=\"https:\/\/pointoflovechurch.com\/wp-content\/uploads\/2024\/09\/lg-arrow.svg\" class=\"attachment-large size-large wp-image-4719\" alt=\"\" \/>\t\t\t\t\t\t\t\t<\/a>\n\t\t\t\t\t\t\t\t\t\t\t\t\t\t\t<\/div>\n\t\t\t\t<\/div>\n\t\t\t\t<\/div>\n\t\t\t\t<\/div>\n\t\t<div class=\"elementor-element elementor-element-ef0b6fe e-con-full e-flex e-con e-child\" data-id=\"ef0b6fe\" data-element_type=\"container\">\n\t\t<div class=\"elementor-element elementor-element-744266d e-con-full e-flex e-con e-child\" data-id=\"744266d\" data-element_type=\"container\">\n\t\t\t\t<div class=\"elementor-element elementor-element-a1f1c4d elementor-widget elementor-widget-heading\" data-id=\"a1f1c4d\" data-element_type=\"widget\" data-widget_type=\"heading.default\">\n\t\t\t\t<div class=\"elementor-widget-container\">\n\t\t\t\t\t<h2 class=\"elementor-heading-title elementor-size-default\">Espa\u00f1ol<\/h2>\t\t\t\t<\/div>\n\t\t\t\t<\/div>\n\t\t\t\t<div class=\"elementor-element elementor-element-496439c elementor-widget elementor-widget-heading\" data-id=\"496439c\" data-element_type=\"widget\" data-widget_type=\"heading.default\">\n\t\t\t\t<div class=\"elementor-widget-container\">\n\t\t\t\t\t<h2 class=\"elementor-heading-title elementor-size-default\">Domingo<br>\n11AM<\/h2>\t\t\t\t<\/div>\n\t\t\t\t<\/div>\n\t\t\t\t<\/div>\n\t\t<div class=\"elementor-element elementor-element-4a10c18 e-con-full e-flex e-con e-child\" data-id=\"4a10c18\" data-element_type=\"container\">\n\t\t\t\t<div class=\"elementor-element elementor-element-e83d281 elementor-widget elementor-widget-image\" data-id=\"e83d281\" data-element_type=\"widget\" data-widget_type=\"image.default\">\n\t\t\t\t<div class=\"elementor-widget-container\">\n\t\t\t\t\t\t\t\t\t\t\t\t\t\t\t\t<a href=\"https:\/\/pointoflovechurch.com\/es\/plan-a-visit\/\">\n\t\t\t\t\t\t\t<img decoding=\"async\" width=\"21\" height=\"22\" src=\"https:\/\/pointoflovechurch.com\/wp-content\/uploads\/2024\/09\/lg-arrow.svg\" class=\"attachment-large size-large wp-image-4719\" alt=\"\" \/>\t\t\t\t\t\t\t\t<\/a>\n\t\t\t\t\t\t\t\t\t\t\t\t\t\t\t<\/div>\n\t\t\t\t<\/div>\n\t\t\t\t<\/div>\n\t\t\t\t<\/div>\n\t\t<div class=\"elementor-element elementor-element-eb2eac7 e-con-full e-flex e-con e-child\" data-id=\"eb2eac7\" data-element_type=\"container\">\n\t\t<div class=\"elementor-element elementor-element-fe70331 e-con-full e-flex e-con e-child\" data-id=\"fe70331\" data-element_type=\"container\">\n\t\t\t\t<div class=\"elementor-element elementor-element-b33ac04 elementor-widget elementor-widget-heading\" data-id=\"b33ac04\" data-element_type=\"widget\" data-widget_type=\"heading.default\">\n\t\t\t\t<div class=\"elementor-widget-container\">\n\t\t\t\t\t<h2 class=\"elementor-heading-title elementor-size-default\">Espa\u00f1ol<\/h2>\t\t\t\t<\/div>\n\t\t\t\t<\/div>\n\t\t\t\t<div class=\"elementor-element elementor-element-b1ac0f6 elementor-widget elementor-widget-heading\" data-id=\"b1ac0f6\" data-element_type=\"widget\" data-widget_type=\"heading.default\">\n\t\t\t\t<div class=\"elementor-widget-container\">\n\t\t\t\t\t<h2 class=\"elementor-heading-title elementor-size-default\">Domingo<br>\n1PM<\/h2>\t\t\t\t<\/div>\n\t\t\t\t<\/div>\n\t\t\t\t<div class=\"elementor-element elementor-element-4d3bacb elementor-hidden-widescreen elementor-hidden-desktop elementor-hidden-tablet elementor-hidden-mobile elementor-widget elementor-widget-heading\" data-id=\"4d3bacb\" data-element_type=\"widget\" data-widget_type=\"heading.default\">\n\t\t\t\t<div class=\"elementor-widget-container\">\n\t\t\t\t\t<h2 class=\"elementor-heading-title elementor-size-default\">A partir del 16 de marzo<\/h2>\t\t\t\t<\/div>\n\t\t\t\t<\/div>\n\t\t\t\t<\/div>\n\t\t<div class=\"elementor-element elementor-element-c963c00 e-con-full e-flex e-con e-child\" data-id=\"c963c00\" data-element_type=\"container\">\n\t\t\t\t<div class=\"elementor-element elementor-element-c3e9435 elementor-widget elementor-widget-image\" data-id=\"c3e9435\" data-element_type=\"widget\" data-widget_type=\"image.default\">\n\t\t\t\t<div class=\"elementor-widget-container\">\n\t\t\t\t\t\t\t\t\t\t\t\t\t\t\t\t<a href=\"https:\/\/pointoflovechurch.com\/es\/plan-a-visit\/\">\n\t\t\t\t\t\t\t<img decoding=\"async\" width=\"21\" height=\"22\" src=\"https:\/\/pointoflovechurch.com\/wp-content\/uploads\/2024\/09\/lg-arrow.svg\" class=\"attachment-large size-large wp-image-4719\" alt=\"\" \/>\t\t\t\t\t\t\t\t<\/a>\n\t\t\t\t\t\t\t\t\t\t\t\t\t\t\t<\/div>\n\t\t\t\t<\/div>\n\t\t\t\t<\/div>\n\t\t\t\t<\/div>\n\t\t\t\t<\/div>\n\t\t\t\t\t<\/div>\n\t\t\t\t<\/div>\n\t\t\t\t<\/div>","protected":false},"excerpt":{"rendered":"<p>Una iglesia que ama como Jes\u00fas ama. Nuestra VISION es AMAR COMO JESUS AMA. No nos corresponde juzgar. Te amamos tal como eres. Nuestro amor viene de un lugar de gratitud por haber sido amados primero, a pesar de nuestras imperfecciones. Nuestra MISI\u00d3N es llegar a millones de almas con nuestro [...]<\/p>","protected":false},"author":104,"featured_media":0,"parent":0,"menu_order":14,"comment_status":"closed","ping_status":"closed","template":"elementor_header_footer","meta":{"_acf_changed":false,"footnotes":""},"class_list":["post-4342","page","type-page","status-publish","hentry"],"acf":[],"_links":{"self":[{"href":"https:\/\/pointoflovechurch.com\/es\/wp-json\/wp\/v2\/pages\/4342","targetHints":{"allow":["GET"]}}],"collection":[{"href":"https:\/\/pointoflovechurch.com\/es\/wp-json\/wp\/v2\/pages"}],"about":[{"href":"https:\/\/pointoflovechurch.com\/es\/wp-json\/wp\/v2\/types\/page"}],"author":[{"embeddable":true,"href":"https:\/\/pointoflovechurch.com\/es\/wp-json\/wp\/v2\/users\/104"}],"replies":[{"embeddable":true,"href":"https:\/\/pointoflovechurch.com\/es\/wp-json\/wp\/v2\/comments?post=4342"}],"version-history":[{"count":0,"href":"https:\/\/pointoflovechurch.com\/es\/wp-json\/wp\/v2\/pages\/4342\/revisions"}],"wp:attachment":[{"href":"https:\/\/pointoflovechurch.com\/es\/wp-json\/wp\/v2\/media?parent=4342"}],"curies":[{"name":"wp","href":"https:\/\/api.w.org\/{rel}","templated":true}]}}